{"id":48,"date":"2023-11-01T11:06:35","date_gmt":"2023-11-01T11:06:35","guid":{"rendered":"https:\/\/www.catering-event-ffm.de\/?page_id=48"},"modified":"2023-11-01T11:06:35","modified_gmt":"2023-11-01T11:06:35","slug":"catering-frankfurt-2","status":"publish","type":"page","link":"https:\/\/www.catering-event-ffm.de\/?page_id=48","title":{"rendered":"Catering Frankfurt"},"content":{"rendered":"\n<h2 class=\"wp-block-heading\">Catering Frankfurt, das Eventcatering f\u00fcr Ihre Party<\/h2>\n\n\n\n<h2 class=\"wp-block-heading has-large-font-size\">Sie sind auf der Suche nach dem passenden Catering oder Partyservice f\u00fcr <\/h2>\n\n\n\n<p>Ein\u00a0Geburtstags-Catering\u00a0f\u00fcr Sie oder f\u00fcr eine ganz, ganz liebe Person<\/p>\n\n\n\n<p>Ein sommerliches ein\u00a0BBQ-Catering, klassisch vom Grill, mit leckeren Dips coolen Salaten. Doch nicht das richtige\u2026\u00a0 na dann es vielleicht mal mit Pulled Pork oder Pulled Lachs aus dem Smoker, auch hier bieten wir Ihnen Alternativen an.<\/p>\n\n\n\n<h1 class=\"wp-block-heading has-large-font-size\">Ein Hochzeits-Catering f\u00fcr den sch\u00f6nsten Tag im Leben<\/h1>\n\n\n\n<p>Cooles Showkochen f\u00fcr Ihre G\u00e4ste<\/p>\n\n\n\n<p>Das Privatcooking in den Eigenen 4 W\u00e4nden<\/p>\n\n\n\n<p>Eine Party mit Freunden und Bekannten, bei der Sie sich um nichts k\u00fcmmern m\u00fcssen.<\/p>\n\n\n\n<figure class=\"wp-block-image size-large\"><img loading=\"lazy\" decoding=\"async\" width=\"768\" height=\"1024\" src=\"https:\/\/www.catering-event-ffm.de\/wp-content\/uploads\/2023\/11\/IMG_20170629_080950-EDIT-768x1024.jpg\" alt=\"Catering Frankfurt\" class=\"wp-image-54\" srcset=\"https:\/\/www.catering-event-ffm.de\/wp-content\/uploads\/2023\/11\/IMG_20170629_080950-EDIT-768x1024.jpg 768w, https:\/\/www.catering-event-ffm.de\/wp-content\/uploads\/2023\/11\/IMG_20170629_080950-EDIT-225x300.jpg 225w, https:\/\/www.catering-event-ffm.de\/wp-content\/uploads\/2023\/11\/IMG_20170629_080950-EDIT-1152x1536.jpg 1152w, https:\/\/www.catering-event-ffm.de\/wp-content\/uploads\/2023\/11\/IMG_20170629_080950-EDIT-1536x2048.jpg 1536w, https:\/\/www.catering-event-ffm.de\/wp-content\/uploads\/2023\/11\/IMG_20170629_080950-EDIT-scaled.jpg 1920w\" sizes=\"auto, (max-width: 768px) 100vw, 768px\" \/><figcaption class=\"wp-element-caption\">marnierte Garnelen<\/figcaption><\/figure>\n\n\n\n<p>Catering Frankfurt bietet Ihnen &amp; Ihren G\u00e4sten sowie Ihrem Team alles, was Sie sich w\u00fcnschen und brauchen.<\/p>\n\n\n\n<p>F\u00fcr Firmen bieten wir ein&nbsp;Messe-Catering an,&nbsp;damit Sie Ihren Stand aus der Masse hervorzuheben k\u00f6nnen, hier ist Catering Frankfurt der richtige Ansprechpartner f\u00fcr Sie.<\/p>\n\n\n\n<p>Werfen Sie einen Blick auf unser Angebot und buchen Sie ganz einfach Ihr Catering-Frankfurt und \u00fcberraschen Sie Ihre G\u00e4ste oder Mitarbeiter und Kollegen mit einem kulinarischen Erlebnis der Extraklasse.<\/p>\n\n\n\n<p>Wir bieten Ihnen <a href=\"https:\/\/photos.app.goo.gl\/3imKGMTpXWG1yTRM7\" target=\"_blank\" rel=\"noreferrer noopener\">Streetfood<\/a>, Livecooking, Showkochen, Dinner, B\u00fcffets, Fingerfood<\/p>\n\n\n\n<p>Wir sind ein Fullservice Caterer, das hei\u00dft, wenn Sie es w\u00fcnschen k\u00fcmmern wir bzw. unser Team sich um alles.<\/p>\n\n\n\n<figure class=\"wp-block-image size-large\"><img loading=\"lazy\" decoding=\"async\" width=\"1024\" height=\"575\" src=\"https:\/\/www.catering-event-ffm.de\/wp-content\/uploads\/2023\/11\/IMG_20170124_115152-1024x575.jpg\" alt=\"Catering f\u00fcr Frankfurt\" class=\"wp-image-56\" srcset=\"https:\/\/www.catering-event-ffm.de\/wp-content\/uploads\/2023\/11\/IMG_20170124_115152-1024x575.jpg 1024w, https:\/\/www.catering-event-ffm.de\/wp-content\/uploads\/2023\/11\/IMG_20170124_115152-300x168.jpg 300w, https:\/\/www.catering-event-ffm.de\/wp-content\/uploads\/2023\/11\/IMG_20170124_115152-768x431.jpg 768w, https:\/\/www.catering-event-ffm.de\/wp-content\/uploads\/2023\/11\/IMG_20170124_115152-1536x863.jpg 1536w, https:\/\/www.catering-event-ffm.de\/wp-content\/uploads\/2023\/11\/IMG_20170124_115152-2048x1150.jpg 2048w\" sizes=\"auto, (max-width: 1024px) 100vw, 1024px\" \/><\/figure>\n\n\n\n<p>Nehmen Sie einfach mit uns <a href=\"https:\/\/www.catering-event-ffm.de\/?page_id=42\">Kontakt<\/a> auf <\/p>\n","protected":false},"excerpt":{"rendered":"<p>Catering Frankfurt, das Eventcatering f\u00fcr Ihre Party Sie sind auf der Suche nach dem passenden Catering oder Partyservice f\u00fcr Ein\u00a0Geburtstags-Catering\u00a0f\u00fcr Sie oder f\u00fcr eine ganz, ganz liebe Person Ein sommerliches ein\u00a0BBQ-Catering, klassisch vom Grill, mit leckeren Dips coolen Salaten. Doch nicht das richtige\u2026\u00a0 na dann es vielleicht mal mit Pulled Pork oder Pulled Lachs aus dem Smoker, auch hier bieten wir Ihnen Alternativen an. Ein&hellip; <\/p>\n","protected":false},"author":1,"featured_media":27,"parent":0,"menu_order":1,"comment_status":"closed","ping_status":"closed","template":"","meta":{"footnotes":""},"class_list":["post-48","page","type-page","status-publish","has-post-thumbnail","hentry","clearfix"],"yoast_head":"<!-- This site is optimized with the Yoast SEO plugin v27.4 - https:\/\/yoast.com\/product\/yoast-seo-wordpress\/ -->\n<title>Catering Frankfurt und Umgebung,<\/title>\n<meta name=\"description\" content=\"Catering Frankfurt, bei uns buchen Sie Ihr Catering &amp; genie\u00dfen Sie Ihr Event ganz entspannt, wir k\u00fcmmern uns um den Rest.\" \/>\n<meta name=\"robots\" content=\"index, follow, max-snippet:-1, max-image-preview:large, max-video-preview:-1\" \/>\n<link rel=\"canonical\" href=\"https:\/\/www.catering-event-ffm.de\/?page_id=48\" \/>\n<meta property=\"og:locale\" content=\"de_DE\" \/>\n<meta property=\"og:type\" content=\"article\" \/>\n<meta property=\"og:title\" content=\"Catering Frankfurt und Umgebung,\" \/>\n<meta property=\"og:description\" content=\"Catering Frankfurt, bei uns buchen Sie Ihr Catering &amp; genie\u00dfen Sie Ihr Event ganz entspannt, wir k\u00fcmmern uns um den Rest.\" \/>\n<meta property=\"og:url\" content=\"https:\/\/www.catering-event-ffm.de\/?page_id=48\" \/>\n<meta property=\"og:site_name\" content=\"Catering Frankfurt\" \/>\n<meta property=\"og:image\" content=\"https:\/\/www.catering-event-ffm.de\/wp-content\/uploads\/2023\/10\/IMG_20170507_133339-EDIT-scaled.jpg\" \/>\n\t<meta property=\"og:image:width\" content=\"2560\" \/>\n\t<meta property=\"og:image:height\" content=\"1305\" \/>\n\t<meta property=\"og:image:type\" content=\"image\/jpeg\" \/>\n<meta name=\"twitter:card\" content=\"summary_large_image\" \/>\n<meta name=\"twitter:label1\" content=\"Gesch\u00e4tzte Lesezeit\" \/>\n\t<meta name=\"twitter:data1\" content=\"2\u00a0Minuten\" \/>\n<script type=\"application\/ld+json\" class=\"yoast-schema-graph\">{\"@context\":\"https:\\\/\\\/schema.org\",\"@graph\":[{\"@type\":\"WebPage\",\"@id\":\"https:\\\/\\\/www.catering-event-ffm.de\\\/?page_id=48\",\"url\":\"https:\\\/\\\/www.catering-event-ffm.de\\\/?page_id=48\",\"name\":\"Catering Frankfurt und Umgebung,\",\"isPartOf\":{\"@id\":\"https:\\\/\\\/www.catering-event-ffm.de\\\/#website\"},\"primaryImageOfPage\":{\"@id\":\"https:\\\/\\\/www.catering-event-ffm.de\\\/?page_id=48#primaryimage\"},\"image\":{\"@id\":\"https:\\\/\\\/www.catering-event-ffm.de\\\/?page_id=48#primaryimage\"},\"thumbnailUrl\":\"https:\\\/\\\/www.catering-event-ffm.de\\\/wp-content\\\/uploads\\\/2023\\\/10\\\/IMG_20170507_133339-EDIT-scaled.jpg\",\"datePublished\":\"2023-11-01T11:06:35+00:00\",\"description\":\"Catering Frankfurt, bei uns buchen Sie Ihr Catering & genie\u00dfen Sie Ihr Event ganz entspannt, wir k\u00fcmmern uns um den Rest.\",\"breadcrumb\":{\"@id\":\"https:\\\/\\\/www.catering-event-ffm.de\\\/?page_id=48#breadcrumb\"},\"inLanguage\":\"de\",\"potentialAction\":[{\"@type\":\"ReadAction\",\"target\":[\"https:\\\/\\\/www.catering-event-ffm.de\\\/?page_id=48\"]}]},{\"@type\":\"ImageObject\",\"inLanguage\":\"de\",\"@id\":\"https:\\\/\\\/www.catering-event-ffm.de\\\/?page_id=48#primaryimage\",\"url\":\"https:\\\/\\\/www.catering-event-ffm.de\\\/wp-content\\\/uploads\\\/2023\\\/10\\\/IMG_20170507_133339-EDIT-scaled.jpg\",\"contentUrl\":\"https:\\\/\\\/www.catering-event-ffm.de\\\/wp-content\\\/uploads\\\/2023\\\/10\\\/IMG_20170507_133339-EDIT-scaled.jpg\",\"width\":2560,\"height\":1305,\"caption\":\"Main Catering f\u00fcr Frankfurt und Umgebung\"},{\"@type\":\"BreadcrumbList\",\"@id\":\"https:\\\/\\\/www.catering-event-ffm.de\\\/?page_id=48#breadcrumb\",\"itemListElement\":[{\"@type\":\"ListItem\",\"position\":1,\"name\":\"Startseite\",\"item\":\"https:\\\/\\\/www.catering-event-ffm.de\\\/\"},{\"@type\":\"ListItem\",\"position\":2,\"name\":\"Catering Frankfurt\"}]},{\"@type\":\"WebSite\",\"@id\":\"https:\\\/\\\/www.catering-event-ffm.de\\\/#website\",\"url\":\"https:\\\/\\\/www.catering-event-ffm.de\\\/\",\"name\":\"Catering Frankfurt\",\"description\":\"Catering &amp; Partyservice f\u00fcr Frankfurt und Rhein Main Gebiet\",\"publisher\":{\"@id\":\"https:\\\/\\\/www.catering-event-ffm.de\\\/#organization\"},\"potentialAction\":[{\"@type\":\"SearchAction\",\"target\":{\"@type\":\"EntryPoint\",\"urlTemplate\":\"https:\\\/\\\/www.catering-event-ffm.de\\\/?s={search_term_string}\"},\"query-input\":{\"@type\":\"PropertyValueSpecification\",\"valueRequired\":true,\"valueName\":\"search_term_string\"}}],\"inLanguage\":\"de\"},{\"@type\":\"Organization\",\"@id\":\"https:\\\/\\\/www.catering-event-ffm.de\\\/#organization\",\"name\":\"Catering Frankfurt\",\"url\":\"https:\\\/\\\/www.catering-event-ffm.de\\\/\",\"logo\":{\"@type\":\"ImageObject\",\"inLanguage\":\"de\",\"@id\":\"https:\\\/\\\/www.catering-event-ffm.de\\\/#\\\/schema\\\/logo\\\/image\\\/\",\"url\":\"https:\\\/\\\/www.catering-event-ffm.de\\\/wp-content\\\/uploads\\\/2023\\\/10\\\/cropped-Logo-zugeschnitten.jpg\",\"contentUrl\":\"https:\\\/\\\/www.catering-event-ffm.de\\\/wp-content\\\/uploads\\\/2023\\\/10\\\/cropped-Logo-zugeschnitten.jpg\",\"width\":335,\"height\":201,\"caption\":\"Catering Frankfurt\"},\"image\":{\"@id\":\"https:\\\/\\\/www.catering-event-ffm.de\\\/#\\\/schema\\\/logo\\\/image\\\/\"}}]}<\/script>\n<!-- \/ Yoast SEO plugin. -->","yoast_head_json":{"title":"Catering Frankfurt und Umgebung,","description":"Catering Frankfurt, bei uns buchen Sie Ihr Catering & genie\u00dfen Sie Ihr Event ganz entspannt, wir k\u00fcmmern uns um den Rest.","robots":{"index":"index","follow":"follow","max-snippet":"max-snippet:-1","max-image-preview":"max-image-preview:large","max-video-preview":"max-video-preview:-1"},"canonical":"https:\/\/www.catering-event-ffm.de\/?page_id=48","og_locale":"de_DE","og_type":"article","og_title":"Catering Frankfurt und Umgebung,","og_description":"Catering Frankfurt, bei uns buchen Sie Ihr Catering & genie\u00dfen Sie Ihr Event ganz entspannt, wir k\u00fcmmern uns um den Rest.","og_url":"https:\/\/www.catering-event-ffm.de\/?page_id=48","og_site_name":"Catering Frankfurt","og_image":[{"width":2560,"height":1305,"url":"https:\/\/www.catering-event-ffm.de\/wp-content\/uploads\/2023\/10\/IMG_20170507_133339-EDIT-scaled.jpg","type":"image\/jpeg"}],"twitter_card":"summary_large_image","twitter_misc":{"Gesch\u00e4tzte Lesezeit":"2\u00a0Minuten"},"schema":{"@context":"https:\/\/schema.org","@graph":[{"@type":"WebPage","@id":"https:\/\/www.catering-event-ffm.de\/?page_id=48","url":"https:\/\/www.catering-event-ffm.de\/?page_id=48","name":"Catering Frankfurt und Umgebung,","isPartOf":{"@id":"https:\/\/www.catering-event-ffm.de\/#website"},"primaryImageOfPage":{"@id":"https:\/\/www.catering-event-ffm.de\/?page_id=48#primaryimage"},"image":{"@id":"https:\/\/www.catering-event-ffm.de\/?page_id=48#primaryimage"},"thumbnailUrl":"https:\/\/www.catering-event-ffm.de\/wp-content\/uploads\/2023\/10\/IMG_20170507_133339-EDIT-scaled.jpg","datePublished":"2023-11-01T11:06:35+00:00","description":"Catering Frankfurt, bei uns buchen Sie Ihr Catering & genie\u00dfen Sie Ihr Event ganz entspannt, wir k\u00fcmmern uns um den Rest.","breadcrumb":{"@id":"https:\/\/www.catering-event-ffm.de\/?page_id=48#breadcrumb"},"inLanguage":"de","potentialAction":[{"@type":"ReadAction","target":["https:\/\/www.catering-event-ffm.de\/?page_id=48"]}]},{"@type":"ImageObject","inLanguage":"de","@id":"https:\/\/www.catering-event-ffm.de\/?page_id=48#primaryimage","url":"https:\/\/www.catering-event-ffm.de\/wp-content\/uploads\/2023\/10\/IMG_20170507_133339-EDIT-scaled.jpg","contentUrl":"https:\/\/www.catering-event-ffm.de\/wp-content\/uploads\/2023\/10\/IMG_20170507_133339-EDIT-scaled.jpg","width":2560,"height":1305,"caption":"Main Catering f\u00fcr Frankfurt und Umgebung"},{"@type":"BreadcrumbList","@id":"https:\/\/www.catering-event-ffm.de\/?page_id=48#breadcrumb","itemListElement":[{"@type":"ListItem","position":1,"name":"Startseite","item":"https:\/\/www.catering-event-ffm.de\/"},{"@type":"ListItem","position":2,"name":"Catering Frankfurt"}]},{"@type":"WebSite","@id":"https:\/\/www.catering-event-ffm.de\/#website","url":"https:\/\/www.catering-event-ffm.de\/","name":"Catering Frankfurt","description":"Catering &amp; Partyservice f\u00fcr Frankfurt und Rhein Main Gebiet","publisher":{"@id":"https:\/\/www.catering-event-ffm.de\/#organization"},"potentialAction":[{"@type":"SearchAction","target":{"@type":"EntryPoint","urlTemplate":"https:\/\/www.catering-event-ffm.de\/?s={search_term_string}"},"query-input":{"@type":"PropertyValueSpecification","valueRequired":true,"valueName":"search_term_string"}}],"inLanguage":"de"},{"@type":"Organization","@id":"https:\/\/www.catering-event-ffm.de\/#organization","name":"Catering Frankfurt","url":"https:\/\/www.catering-event-ffm.de\/","logo":{"@type":"ImageObject","inLanguage":"de","@id":"https:\/\/www.catering-event-ffm.de\/#\/schema\/logo\/image\/","url":"https:\/\/www.catering-event-ffm.de\/wp-content\/uploads\/2023\/10\/cropped-Logo-zugeschnitten.jpg","contentUrl":"https:\/\/www.catering-event-ffm.de\/wp-content\/uploads\/2023\/10\/cropped-Logo-zugeschnitten.jpg","width":335,"height":201,"caption":"Catering Frankfurt"},"image":{"@id":"https:\/\/www.catering-event-ffm.de\/#\/schema\/logo\/image\/"}}]}},"_links":{"self":[{"href":"https:\/\/www.catering-event-ffm.de\/index.php?rest_route=\/wp\/v2\/pages\/48","targetHints":{"allow":["GET"]}}],"collection":[{"href":"https:\/\/www.catering-event-ffm.de\/index.php?rest_route=\/wp\/v2\/pages"}],"about":[{"href":"https:\/\/www.catering-event-ffm.de\/index.php?rest_route=\/wp\/v2\/types\/page"}],"author":[{"embeddable":true,"href":"https:\/\/www.catering-event-ffm.de\/index.php?rest_route=\/wp\/v2\/users\/1"}],"replies":[{"embeddable":true,"href":"https:\/\/www.catering-event-ffm.de\/index.php?rest_route=%2Fwp%2Fv2%2Fcomments&post=48"}],"version-history":[{"count":7,"href":"https:\/\/www.catering-event-ffm.de\/index.php?rest_route=\/wp\/v2\/pages\/48\/revisions"}],"predecessor-version":[{"id":59,"href":"https:\/\/www.catering-event-ffm.de\/index.php?rest_route=\/wp\/v2\/pages\/48\/revisions\/59"}],"wp:featuredmedia":[{"embeddable":true,"href":"https:\/\/www.catering-event-ffm.de\/index.php?rest_route=\/wp\/v2\/media\/27"}],"wp:attachment":[{"href":"https:\/\/www.catering-event-ffm.de\/index.php?rest_route=%2Fwp%2Fv2%2Fmedia&parent=48"}],"curies":[{"name":"wp","href":"https:\/\/api.w.org\/{rel}","templated":true}]}}